{"id":822,"date":"2024-06-12T21:34:09","date_gmt":"2024-06-12T21:34:09","guid":{"rendered":"https:\/\/www.ecrinoteluzungol.com\/uzungol\/"},"modified":"2024-07-02T01:14:23","modified_gmt":"2024-07-02T01:14:23","slug":"uzungol","status":"publish","type":"page","link":"https:\/\/www.ecrinoteluzungol.com\/tr\/uzungol\/","title":{"rendered":"UZUNG\u00d6L"},"content":{"rendered":"<div class=\"wpb-content-wrapper\"><p>[vc_row][vc_column]<h3 class=\"sohohotel-title-20px sohohotel-clearfix sohohotel-title-left\">Uzung\u00f6l Hakk\u0131nda<\/h3>[vc_column_text css=&#8221;&#8221;]Karadeniz&#8217;in incisi Trabzon&#8217;da bulunan Uzung\u00f6l, ye\u015fil do\u011fas\u0131, berrak g\u00f6l\u00fc ve etkileyici manzaralar\u0131yla ziyaret\u00e7ilerini b\u00fcy\u00fcleyen bir cennet k\u00f6\u015fesidir. B\u00f6lgenin e\u015fsiz g\u00fczellikleri aras\u0131nda, Uzung\u00f6l her mevsimde farkl\u0131 bir cazibe sunar. Bahar\u0131n canl\u0131 \u00e7i\u00e7ekleri a\u00e7t\u0131\u011f\u0131, yaz\u0131n serin orman esintileri, sonbaharda alt\u0131n renkli yapraklar ve k\u0131\u015f\u0131n karla kapl\u0131 da\u011flarla, Uzung\u00f6l do\u011fa severler i\u00e7in vazge\u00e7ilmez bir destinasyondur.<\/p>\n<p>Uzung\u00f6l&#8217;\u00fc \u00e7evreleyen \u00e7am ormanlar\u0131 ve da\u011flar, y\u00fcr\u00fcy\u00fc\u015f ve do\u011fa sporlar\u0131 i\u00e7in ideal alanlar sunar. Do\u011fa y\u00fcr\u00fcy\u00fc\u015fleri, bisiklet turlar\u0131 ve foto\u011fraf \u00e7ekimi gibi aktivitelerle dolu bir g\u00fcn ge\u00e7irebilirsiniz. Ayr\u0131ca, g\u00f6l \u00e7evresindeki piknik alanlar\u0131 ve manzara teraslar\u0131 ziyaret\u00e7ilere huzurlu anlar sunar.<\/p>\n<p>Uzung\u00f6l, do\u011fal g\u00fczelli\u011finin yan\u0131 s\u0131ra zengin k\u00fclt\u00fcrel miras\u0131yla da dikkat \u00e7eker. B\u00f6lgedeki geleneksel Karadeniz evleri ve yerel lezzetler, g\u00f6zler i\u00e7in de damaklar i\u00e7in de bir ziyafet sunar. Karadeniz mutfa\u011f\u0131n\u0131n e\u015fsiz tatlar\u0131n\u0131 ke\u015ffetmek isteyenler i\u00e7in, Uzung\u00f6l bir gastronomi dura\u011f\u0131d\u0131r.<\/p>\n<p>Ecrin Hotel olarak, Uzung\u00f6l&#8217;\u00fcn kalbinde yer alman\u0131n ayr\u0131cal\u0131\u011f\u0131na sahibiz. Konuklar\u0131m\u0131za b\u00fcy\u00fcleyici do\u011fan\u0131n tam ortas\u0131nda rahat ve otantik bir konaklama deneyimi sunuyoruz. Otantik odalar\u0131m\u0131z ve do\u011fa manzaral\u0131 kafe ve restoran\u0131m\u0131z ile hem huzurlu hem de keyifli anlar sunuyoruz.<\/p>\n<p>Uzung\u00f6l&#8217;\u00fcn temiz havas\u0131 ve huzurlu atmosferinde, Ecrin Hotel sizleri konforumuzu ve misafirperverli\u011fimizi deneyimlemeye ve unutulmaz an\u0131lar biriktirmeye davet ediyor. Sizi do\u011fan\u0131n kollar\u0131nda huzur bulmaya ve Uzung\u00f6l&#8217;\u00fcn e\u015fsiz g\u00fczelliklerini Ecrin Hotel&#8217;de ke\u015ffetmeye davet ediyoruz.[\/vc_column_text][vc_column_text css=&#8221;&#8221;]<\/p>\n\n\t\t<div id='gallery-1' class='gallery galleryid-822 gallery-columns-4 gallery-size-full'><div class='gallery-item'><div class='gallery-icon'><a href=\"https:\/\/www.ecrinoteluzungol.com\/wp-content\/uploads\/2024\/06\/galeri-7.jpg\" data-gal=\"prettyPhoto[gallery-1]\" title=\"galeri-7\"><img decoding=\"async\" src=\"https:\/\/www.ecrinoteluzungol.com\/wp-content\/uploads\/2024\/06\/galeri-7.jpg\" alt=\"\" \/><\/a><\/div><\/div><div class='gallery-item'><div class='gallery-icon'><a href=\"https:\/\/www.ecrinoteluzungol.com\/wp-content\/uploads\/2024\/06\/galeri-6.jpg\" data-gal=\"prettyPhoto[gallery-1]\" title=\"galeri-6\"><img decoding=\"async\" src=\"https:\/\/www.ecrinoteluzungol.com\/wp-content\/uploads\/2024\/06\/galeri-6.jpg\" alt=\"\" \/><\/a><\/div><\/div><div class='gallery-item'><div class='gallery-icon'><a href=\"https:\/\/www.ecrinoteluzungol.com\/wp-content\/uploads\/2024\/06\/galeri-5.jpg\" data-gal=\"prettyPhoto[gallery-1]\" title=\"galeri-5\"><img decoding=\"async\" src=\"https:\/\/www.ecrinoteluzungol.com\/wp-content\/uploads\/2024\/06\/galeri-5.jpg\" alt=\"\" \/><\/a><\/div><\/div><div class='gallery-item'><div class='gallery-icon'><a href=\"https:\/\/www.ecrinoteluzungol.com\/wp-content\/uploads\/2024\/06\/galeri-4.jpg\" data-gal=\"prettyPhoto[gallery-1]\" title=\"galeri-4\"><img decoding=\"async\" src=\"https:\/\/www.ecrinoteluzungol.com\/wp-content\/uploads\/2024\/06\/galeri-4.jpg\" alt=\"\" \/><\/a><\/div><\/div><div class='gallery-item'><div class='gallery-icon'><a href=\"https:\/\/www.ecrinoteluzungol.com\/wp-content\/uploads\/2024\/06\/galeri-3.jpg\" data-gal=\"prettyPhoto[gallery-1]\" title=\"galeri-3\"><img decoding=\"async\" src=\"https:\/\/www.ecrinoteluzungol.com\/wp-content\/uploads\/2024\/06\/galeri-3.jpg\" alt=\"\" \/><\/a><\/div><\/div><div class='gallery-item'><div class='gallery-icon'><a href=\"https:\/\/www.ecrinoteluzungol.com\/wp-content\/uploads\/2024\/06\/galeri-2.jpg\" data-gal=\"prettyPhoto[gallery-1]\" title=\"galeri-2\"><img decoding=\"async\" src=\"https:\/\/www.ecrinoteluzungol.com\/wp-content\/uploads\/2024\/06\/galeri-2.jpg\" alt=\"\" \/><\/a><\/div><\/div><div class='gallery-item'><div class='gallery-icon'><a href=\"https:\/\/www.ecrinoteluzungol.com\/wp-content\/uploads\/2024\/06\/galeri-1.jpg\" data-gal=\"prettyPhoto[gallery-1]\" title=\"galeri-1\"><img decoding=\"async\" src=\"https:\/\/www.ecrinoteluzungol.com\/wp-content\/uploads\/2024\/06\/galeri-1.jpg\" alt=\"\" \/><\/a><\/div><\/div><div class='gallery-item'><div class='gallery-icon'><a href=\"https:\/\/www.ecrinoteluzungol.com\/wp-content\/uploads\/2024\/06\/galeri.jpg\" data-gal=\"prettyPhoto[gallery-1]\" title=\"galeri\"><img decoding=\"async\" src=\"https:\/\/www.ecrinoteluzungol.com\/wp-content\/uploads\/2024\/06\/galeri.jpg\" alt=\"\" \/><\/a><\/div><\/div>\n\t\t\t<br style='clear: both;' \/>\n\t\t<\/div>\n\n<p>[\/vc_column_text][vc_empty_space height=&#8221;30px&#8221;][\/vc_column][\/vc_row]<\/p>\n<\/div>","protected":false},"excerpt":{"rendered":"<p>[vc_row][vc_column][vc_column_text css=&#8221;&#8221;]Karadeniz&#8217;in incisi Trabzon&#8217;da bulunan Uzung\u00f6l, ye\u015fil do\u011fas\u0131, berrak g\u00f6l\u00fc ve etkileyici manzaralar\u0131yla ziyaret\u00e7ilerini b\u00fcy\u00fcleyen bir cennet k\u00f6\u015fesidir. B\u00f6lgenin e\u015fsiz g\u00fczellikleri aras\u0131nda, Uzung\u00f6l her mevsimde farkl\u0131 bir cazibe sunar. Bahar\u0131n canl\u0131 \u00e7i\u00e7ekleri a\u00e7t\u0131\u011f\u0131, yaz\u0131n serin orman esintileri, sonbaharda alt\u0131n renkli yapraklar ve k\u0131\u015f\u0131n karla kapl\u0131 da\u011flarla, Uzung\u00f6l do\u011fa severler i\u00e7in vazge\u00e7ilmez bir destinasyondur. Uzung\u00f6l&#8217;\u00fc \u00e7evreleyen<\/p>\n<a href=\"https:\/\/www.ecrinoteluzungol.com\/tr\/uzungol\/\" class=\"sohohotel-more-link\">Read More<\/a>","protected":false},"author":1,"featured_media":0,"parent":0,"menu_order":0,"comment_status":"closed","ping_status":"closed","template":"","meta":{"inline_featured_image":false,"_joinchat":[],"footnotes":""},"class_list":["post-822","page","type-page","status-publish","hentry"],"_links":{"self":[{"href":"https:\/\/www.ecrinoteluzungol.com\/tr\/wp-json\/wp\/v2\/pages\/822","targetHints":{"allow":["GET"]}}],"collection":[{"href":"https:\/\/www.ecrinoteluzungol.com\/tr\/wp-json\/wp\/v2\/pages"}],"about":[{"href":"https:\/\/www.ecrinoteluzungol.com\/tr\/wp-json\/wp\/v2\/types\/page"}],"author":[{"embeddable":true,"href":"https:\/\/www.ecrinoteluzungol.com\/tr\/wp-json\/wp\/v2\/users\/1"}],"replies":[{"embeddable":true,"href":"https:\/\/www.ecrinoteluzungol.com\/tr\/wp-json\/wp\/v2\/comments?post=822"}],"version-history":[{"count":5,"href":"https:\/\/www.ecrinoteluzungol.com\/tr\/wp-json\/wp\/v2\/pages\/822\/revisions"}],"predecessor-version":[{"id":844,"href":"https:\/\/www.ecrinoteluzungol.com\/tr\/wp-json\/wp\/v2\/pages\/822\/revisions\/844"}],"wp:attachment":[{"href":"https:\/\/www.ecrinoteluzungol.com\/tr\/wp-json\/wp\/v2\/media?parent=822"}],"curies":[{"name":"wp","href":"https:\/\/api.w.org\/{rel}","templated":true}]}}