{"id":818,"date":"2024-06-12T21:34:09","date_gmt":"2024-06-12T21:34:09","guid":{"rendered":"https:\/\/www.ecrinoteluzungol.com\/bizim-odalarimiz\/"},"modified":"2024-07-02T04:35:54","modified_gmt":"2024-07-02T04:35:54","slug":"odalarimiz","status":"publish","type":"page","link":"https:\/\/www.ecrinoteluzungol.com\/tr\/odalarimiz\/","title":{"rendered":"ODALARIMIZ"},"content":{"rendered":"<div class=\"wpb-content-wrapper\"><p>[vc_row][vc_column][vc_btn title=&#8221;ONLINE REZERVASYON&#8221; style=&#8221;gradient&#8221; shape=&#8221;round&#8221; size=&#8221;lg&#8221; align=&#8221;center&#8221; css=&#8221;&#8221; link=&#8221;url:https%3A%2F%2Fecrin-otel-trabzon.hmshotel.net%2F|&#8221;]\t\t\n\t\t\t\t\n\t\t<!-- BEGIN .shb-accommodation-listing-style-2 -->\n\t\t<div class=\"shb-accommodation-listing-style-2 shb-accommodation-listing-style-2-columns-3\">\n\t\t\t\n\t\t\t\t\n\t\t\t<!-- BEGIN .shb-accommodation-listing-item -->\n\t\t\t<div class=\"shb-accommodation-listing-item\">\n\t\t\t\t\n\t\t\t\t<div class=\"shb-accommodation-listing-image\">\n\t\t\t\t\t\n\t\t\t\t\t<a href=\"https:\/\/www.ecrinoteluzungol.com\/tr\/suit-oda\/\" rel=\"bookmark\" class=\"shb-accommodation-listing-button1\"><\/a>\n\t\t\t\t\t\n\t\t\t\t\t\t\t\t\t\t\t\t\t\t\t<a href=\"https:\/\/www.ecrinoteluzungol.com\/tr\/suit-oda\/\" rel=\"bookmark\">\n\t\t\t\t\t\t<img decoding=\"async\" src=\"https:\/\/www.ecrinoteluzungol.com\/wp-content\/uploads\/2024\/06\/Ecrin-Otel-Uzungol11-1180x710.jpg\" alt=\"SU\u0130T ODA\" \/>\t\t\t\t\t<\/a>\n\t\t\t\t\t\t\t\t\t\t\n\t\t\t\t<\/div>\n\t\t\t\t\n\t\t\t\t<div class=\"shb-accommodation-listing-description-wrapper\">\n\t\t\t\t\n\t\t\t\t\t<h3><a href=\"https:\/\/www.ecrinoteluzungol.com\/tr\/suit-oda\/\" rel=\"bookmark\" title=\"SU\u0130T ODA\">SU\u0130T ODA<\/a><\/h3>\n\t\t\t\t\n\t\t\t\t\t<div class=\"shb-accommodation-listing-description shb-clearfix\">\n\t\t\t\t\t\n\t\t\t\t\t\t<ul>\r\n<li><i class=\"fas fa-user\"><\/i><span>Kapasite\r\n<\/span> 4 Yeti\u015fkinler<\/li>\r\n<li><i class=\"fas fa-ruler-combined\"><\/i><span>Boyut:<\/span> 30m\u00b2 <\/li>\r\n<li><i class=\"fas fa-binoculars\"><\/i><span>G\u00f6r\u00fc\u015f:<\/span> Da\u011f<\/li>\r\n<\/ul>\t\t\t\t\t\n\t\t\t\t\t<\/div>\n\t\t\t\t\n\t\t\t\t<\/div>\n\t\t\t\t\n\t\t\t<!-- END .shb-accommodation-listing-item -->\n\t\t\t<\/div>\n\t\t\n\t\t\t\t\n\t\t\t<!-- BEGIN .shb-accommodation-listing-item -->\n\t\t\t<div class=\"shb-accommodation-listing-item\">\n\t\t\t\t\n\t\t\t\t<div class=\"shb-accommodation-listing-image\">\n\t\t\t\t\t\n\t\t\t\t\t<a href=\"https:\/\/www.ecrinoteluzungol.com\/tr\/deluxe-ikili-yatakli-balkon\/\" rel=\"bookmark\" class=\"shb-accommodation-listing-button1\"><\/a>\n\t\t\t\t\t\n\t\t\t\t\t\t\t\t\t\t\t\t\t\t\t<a href=\"https:\/\/www.ecrinoteluzungol.com\/tr\/deluxe-ikili-yatakli-balkon\/\" rel=\"bookmark\">\n\t\t\t\t\t\t<img decoding=\"async\" src=\"https:\/\/www.ecrinoteluzungol.com\/wp-content\/uploads\/2024\/06\/HRM_4090-1180x710.jpg\" alt=\"DELUXE \u0130K\u0130L\u0130 YATAKLI BALKON\" \/>\t\t\t\t\t<\/a>\n\t\t\t\t\t\t\t\t\t\t\n\t\t\t\t<\/div>\n\t\t\t\t\n\t\t\t\t<div class=\"shb-accommodation-listing-description-wrapper\">\n\t\t\t\t\n\t\t\t\t\t<h3><a href=\"https:\/\/www.ecrinoteluzungol.com\/tr\/deluxe-ikili-yatakli-balkon\/\" rel=\"bookmark\" title=\"DELUXE \u0130K\u0130L\u0130 YATAKLI BALKON\">DELUXE \u0130K\u0130L\u0130 YATAKLI BALKON<\/a><\/h3>\n\t\t\t\t\n\t\t\t\t\t<div class=\"shb-accommodation-listing-description shb-clearfix\">\n\t\t\t\t\t\n\t\t\t\t\t\t<ul>\r\n<li><i class=\"fas fa-user\"><\/i><span>Kapasite:<\/span> 2 Yeti\u015fkinler<\/li>\r\n<li><i class=\"fas fa-ruler-combined\"><\/i><span>Boyut\r\n:<\/span> 25m\u00b2<\/li>\r\n<li><i class=\"fas fa-binoculars\"><\/i><span>G\u00f6r\u00fc\u015f:<\/span> Da\u011f, Dere<\/li>\r\n<\/ul>\t\t\t\t\t\n\t\t\t\t\t<\/div>\n\t\t\t\t\n\t\t\t\t<\/div>\n\t\t\t\t\n\t\t\t<!-- END .shb-accommodation-listing-item -->\n\t\t\t<\/div>\n\t\t\n\t\t\t\t\n\t\t\t<!-- BEGIN .shb-accommodation-listing-item -->\n\t\t\t<div class=\"shb-accommodation-listing-item\">\n\t\t\t\t\n\t\t\t\t<div class=\"shb-accommodation-listing-image\">\n\t\t\t\t\t\n\t\t\t\t\t<a href=\"https:\/\/www.ecrinoteluzungol.com\/tr\/standart-ikili-yatak\/\" rel=\"bookmark\" class=\"shb-accommodation-listing-button1\"><\/a>\n\t\t\t\t\t\n\t\t\t\t\t\t\t\t\t\t\t\t\t\t\t<a href=\"https:\/\/www.ecrinoteluzungol.com\/tr\/standart-ikili-yatak\/\" rel=\"bookmark\">\n\t\t\t\t\t\t<img decoding=\"async\" src=\"https:\/\/www.ecrinoteluzungol.com\/wp-content\/uploads\/2024\/06\/HRM_4045-1180x710.jpg\" alt=\"STANDART \u0130K\u0130L\u0130 YATAK\" \/>\t\t\t\t\t<\/a>\n\t\t\t\t\t\t\t\t\t\t\n\t\t\t\t<\/div>\n\t\t\t\t\n\t\t\t\t<div class=\"shb-accommodation-listing-description-wrapper\">\n\t\t\t\t\n\t\t\t\t\t<h3><a href=\"https:\/\/www.ecrinoteluzungol.com\/tr\/standart-ikili-yatak\/\" rel=\"bookmark\" title=\"STANDART \u0130K\u0130L\u0130 YATAK\">STANDART \u0130K\u0130L\u0130 YATAK<\/a><\/h3>\n\t\t\t\t\n\t\t\t\t\t<div class=\"shb-accommodation-listing-description shb-clearfix\">\n\t\t\t\t\t\n\t\t\t\t\t\t<ul>\r\n<li><i class=\"fas fa-user\"><\/i><span>Kapasite:<\/span> 2 Yeti\u015fkinler<\/li>\r\n<li><i class=\"fas fa-ruler-combined\"><\/i><span>Boyut:<\/span> 20m\u00b2<\/li>\r\n<li><i class=\"fas fa-binoculars\"><\/i><span>G\u00f6r\u00fc\u015f:<\/span> Da\u011f<\/li>\r\n<\/ul>\t\t\t\t\t\n\t\t\t\t\t<\/div>\n\t\t\t\t\n\t\t\t\t<\/div>\n\t\t\t\t\n\t\t\t<!-- END .shb-accommodation-listing-item -->\n\t\t\t<\/div>\n\t\t\n\t\t\t\t\n\t\t\t<!-- BEGIN .shb-accommodation-listing-item -->\n\t\t\t<div class=\"shb-accommodation-listing-item\">\n\t\t\t\t\n\t\t\t\t<div class=\"shb-accommodation-listing-image\">\n\t\t\t\t\t\n\t\t\t\t\t<a href=\"https:\/\/www.ecrinoteluzungol.com\/tr\/aile-odasi\/\" rel=\"bookmark\" class=\"shb-accommodation-listing-button1\"><\/a>\n\t\t\t\t\t\n\t\t\t\t\t\t\t\t\t\t\t\t\t\t\t<a href=\"https:\/\/www.ecrinoteluzungol.com\/tr\/aile-odasi\/\" rel=\"bookmark\">\n\t\t\t\t\t\t<img decoding=\"async\" src=\"https:\/\/www.ecrinoteluzungol.com\/wp-content\/uploads\/2024\/06\/DSC_0026-1180x710.jpg\" alt=\"A\u0130LE ODASI\" \/>\t\t\t\t\t<\/a>\n\t\t\t\t\t\t\t\t\t\t\n\t\t\t\t<\/div>\n\t\t\t\t\n\t\t\t\t<div class=\"shb-accommodation-listing-description-wrapper\">\n\t\t\t\t\n\t\t\t\t\t<h3><a href=\"https:\/\/www.ecrinoteluzungol.com\/tr\/aile-odasi\/\" rel=\"bookmark\" title=\"A\u0130LE ODASI\">A\u0130LE ODASI<\/a><\/h3>\n\t\t\t\t\n\t\t\t\t\t<div class=\"shb-accommodation-listing-description shb-clearfix\">\n\t\t\t\t\t\n\t\t\t\t\t\t<ul>\r\n<li><i class=\"fas fa-user\"><\/i><span>Kapasite:<\/span> 5 Yeti\u015fkinler<\/li>\r\n<li><i class=\"fas fa-ruler-combined\"><\/i><span>Boyut:<\/span> 40m\u00b2<\/li>\r\n<li><i class=\"fas fa-binoculars\"><\/i><span>G\u00f6r\u00fc\u015f:<\/span> Da\u011f, Dere<\/li>\r\n<\/ul>\t\t\t\t\t\n\t\t\t\t\t<\/div>\n\t\t\t\t\n\t\t\t\t<\/div>\n\t\t\t\t\n\t\t\t<!-- END .shb-accommodation-listing-item -->\n\t\t\t<\/div>\n\t\t\n\t\t\t\t\n\t\t\t<!-- BEGIN .shb-accommodation-listing-item -->\n\t\t\t<div class=\"shb-accommodation-listing-item\">\n\t\t\t\t\n\t\t\t\t<div class=\"shb-accommodation-listing-image\">\n\t\t\t\t\t\n\t\t\t\t\t<a href=\"https:\/\/www.ecrinoteluzungol.com\/tr\/kral-odasi\/\" rel=\"bookmark\" class=\"shb-accommodation-listing-button1\"><\/a>\n\t\t\t\t\t\n\t\t\t\t\t\t\t\t\t\t\t\t\t\t\t<a href=\"https:\/\/www.ecrinoteluzungol.com\/tr\/kral-odasi\/\" rel=\"bookmark\">\n\t\t\t\t\t\t<img decoding=\"async\" src=\"https:\/\/www.ecrinoteluzungol.com\/wp-content\/uploads\/2024\/06\/HRM_4134-1180x710.jpg\" alt=\"KRAL ODA\" \/>\t\t\t\t\t<\/a>\n\t\t\t\t\t\t\t\t\t\t\n\t\t\t\t<\/div>\n\t\t\t\t\n\t\t\t\t<div class=\"shb-accommodation-listing-description-wrapper\">\n\t\t\t\t\n\t\t\t\t\t<h3><a href=\"https:\/\/www.ecrinoteluzungol.com\/tr\/kral-odasi\/\" rel=\"bookmark\" title=\"KRAL ODA\">KRAL ODA<\/a><\/h3>\n\t\t\t\t\n\t\t\t\t\t<div class=\"shb-accommodation-listing-description shb-clearfix\">\n\t\t\t\t\t\n\t\t\t\t\t\t<ul>\r\n<li><i class=\"fas fa-user\"><\/i><span>Kapasite:<\/span> 5 Yeti\u015fkinler<\/li>\r\n<li><i class=\"fas fa-ruler-combined\"><\/i><span>Boyut:<\/span> 50m\u00b2<\/li>\r\n<li><i class=\"fas fa-binoculars\"><\/i><span>G\u00f6r\u00fc\u015f:<\/span> Da\u011f, Dere<\/li>\r\n<\/ul>\t\t\t\t\t\n\t\t\t\t\t<\/div>\n\t\t\t\t\n\t\t\t\t<\/div>\n\t\t\t\t\n\t\t\t<!-- END .shb-accommodation-listing-item -->\n\t\t\t<\/div>\n\t\t\n\t\t\t\t\t\n\t\t<!-- END .shb-accommodation-listing-style-2 -->\n\t\t<\/div>\n\t\n\t\t\n\t\t\n\t[\/vc_column][\/vc_row][vc_row][vc_column][\/vc_column][\/vc_row]<\/p>\n<\/div>","protected":false},"excerpt":{"rendered":"<p>[vc_row][vc_column][vc_btn title=&#8221;ONLINE REZERVASYON&#8221; style=&#8221;gradient&#8221; shape=&#8221;round&#8221; size=&#8221;lg&#8221; align=&#8221;center&#8221; css=&#8221;&#8221; link=&#8221;url:https%3A%2F%2Fecrin-otel-trabzon.hmshotel.net%2F|&#8221;][\/vc_column][\/vc_row][vc_row][vc_column][\/vc_column][\/vc_row]<\/p>\n<a href=\"https:\/\/www.ecrinoteluzungol.com\/tr\/kral-odasi\/\" class=\"sohohotel-more-link\">Read More<\/a>","protected":false},"author":1,"featured_media":0,"parent":0,"menu_order":0,"comment_status":"closed","ping_status":"closed","template":"","meta":{"inline_featured_image":false,"_joinchat":[],"footnotes":""},"class_list":["post-818","page","type-page","status-publish","hentry"],"_links":{"self":[{"href":"https:\/\/www.ecrinoteluzungol.com\/tr\/wp-json\/wp\/v2\/pages\/818","targetHints":{"allow":["GET"]}}],"collection":[{"href":"https:\/\/www.ecrinoteluzungol.com\/tr\/wp-json\/wp\/v2\/pages"}],"about":[{"href":"https:\/\/www.ecrinoteluzungol.com\/tr\/wp-json\/wp\/v2\/types\/page"}],"author":[{"embeddable":true,"href":"https:\/\/www.ecrinoteluzungol.com\/tr\/wp-json\/wp\/v2\/users\/1"}],"replies":[{"embeddable":true,"href":"https:\/\/www.ecrinoteluzungol.com\/tr\/wp-json\/wp\/v2\/comments?post=818"}],"version-history":[{"count":10,"href":"https:\/\/www.ecrinoteluzungol.com\/tr\/wp-json\/wp\/v2\/pages\/818\/revisions"}],"predecessor-version":[{"id":972,"href":"https:\/\/www.ecrinoteluzungol.com\/tr\/wp-json\/wp\/v2\/pages\/818\/revisions\/972"}],"wp:attachment":[{"href":"https:\/\/www.ecrinoteluzungol.com\/tr\/wp-json\/wp\/v2\/media?parent=818"}],"curies":[{"name":"wp","href":"https:\/\/api.w.org\/{rel}","templated":true}]}}