{"id":810,"date":"2024-06-12T21:34:09","date_gmt":"2024-06-12T21:34:09","guid":{"rendered":"https:\/\/www.ecrinoteluzungol.com\/bize-ulasin\/"},"modified":"2024-07-02T01:11:26","modified_gmt":"2024-07-02T01:11:26","slug":"bize-ulasin","status":"publish","type":"page","link":"https:\/\/www.ecrinoteluzungol.com\/tr\/bize-ulasin\/","title":{"rendered":"B\u0130ZE ULA\u015eIN"},"content":{"rendered":"<div class=\"wpb-content-wrapper\"><p>[vc_row fixed_width=&#8221;true&#8221;][vc_column]<h3 class=\"sohohotel-title-20px sohohotel-clearfix sohohotel-title-left\">Rezervasyon Teklif Formu<\/h3>[vc_column_text css=&#8221;&#8221;]\u0130htiya\u00e7lar\u0131n\u0131za uygun \u00f6zel bir rezervasyon teklifi almak ister misiniz? L\u00fctfen a\u015fa\u011f\u0131daki formu doldurun ve bizimle ileti\u015fime ge\u00e7in. Size m\u00fcmk\u00fcn olan en k\u0131sa s\u00fcrede ki\u015fiselle\u015ftirilmi\u015f bir fiyat teklifi sunaca\u011f\u0131z.[\/vc_column_text]\n<div class=\"wpcf7 no-js\" id=\"wpcf7-f63-o1\" lang=\"en-US\" dir=\"ltr\">\n<div class=\"screen-reader-response\"><p role=\"status\" aria-live=\"polite\" aria-atomic=\"true\"><\/p> <ul><\/ul><\/div>\n<form action=\"\/tr\/wp-json\/wp\/v2\/pages\/810#wpcf7-f63-o1\" method=\"post\" class=\"wpcf7-form init\" aria-label=\"Contact form\" novalidate=\"novalidate\" data-status=\"init\">\n<div style=\"display: none;\">\n<input type=\"hidden\" name=\"_wpcf7\" value=\"63\" \/>\n<input type=\"hidden\" name=\"_wpcf7_version\" value=\"5.9.6\" \/>\n<input type=\"hidden\" name=\"_wpcf7_locale\" value=\"en_US\" \/>\n<input type=\"hidden\" name=\"_wpcf7_unit_tag\" value=\"wpcf7-f63-o1\" \/>\n<input type=\"hidden\" name=\"_wpcf7_container_post\" value=\"0\" \/>\n<input type=\"hidden\" name=\"_wpcf7_posted_data_hash\" value=\"\" \/>\n<\/div>\n<div class=\"shb-clearfix\">\n\t<div class=\"shb-one-half\">\n\t\t<p><label>Your name <span>*<\/span><\/label><span class=\"wpcf7-form-control-wrap\" data-name=\"your-name\"><input size=\"40\" maxlength=\"80\" class=\"wpcf7-form-control wpcf7-text wpcf7-validates-as-required\" aria-required=\"true\" aria-invalid=\"false\" value=\"\" type=\"text\" name=\"your-name\" \/><\/span>\n\t\t<\/p>\n\t<\/div>\n\t<div class=\"shb-one-half\">\n\t\t<p><label>Number of guests <span>*<\/span><\/label>\n\t\t<\/p>\n\t\t<div class=\"sohohotel-select-wrapper\">\n\t\t\t<p><span class=\"wpcf7-form-control-wrap\" data-name=\"number-of-guests\"><select class=\"wpcf7-form-control wpcf7-select\" aria-invalid=\"false\" name=\"number-of-guests\"><option value=\"1\">1<\/option><option value=\"2\">2<\/option><option value=\"3\">3<\/option><option value=\"4\">4<\/option><option value=\"5\">5<\/option><option value=\"6\">6<\/option><option value=\"7\">7<\/option><option value=\"8\">8<\/option><option value=\"9\">9<\/option><option value=\"10\">10<\/option><\/select><\/span><i class=\"fas fa-chevron-down\"><\/i>\n\t\t\t<\/p>\n\t\t<\/div>\n\t<\/div>\n<\/div>\n<div class=\"shb-clearfix\">\n\t<div class=\"shb-one-half\">\n\t\t<p><label>Check in <span>*<\/span><\/label><span class=\"wpcf7-form-control-wrap\" data-name=\"check-in\"><input class=\"wpcf7-form-control wpcf7-date wpcf7-validates-as-date\" aria-invalid=\"false\" value=\"\" type=\"date\" name=\"check-in\" \/><\/span>\n\t\t<\/p>\n\t<\/div>\n\t<div class=\"shb-one-half\">\n\t\t<p><label>Check out <span>*<\/span><\/label><span class=\"wpcf7-form-control-wrap\" data-name=\"check-out\"><input class=\"wpcf7-form-control wpcf7-date wpcf7-validates-as-date\" aria-invalid=\"false\" value=\"\" type=\"date\" name=\"check-out\" \/><\/span>\n\t\t<\/p>\n\t<\/div>\n<\/div>\n<div class=\"shb-clearfix\">\n\t<p><label>Room <span>*<\/span><\/label>\n\t<\/p>\n\t<div class=\"sohohotel-select-wrapper\">\n\t\t<p><span class=\"wpcf7-form-control-wrap\" data-name=\"room-type\"><select class=\"wpcf7-form-control wpcf7-select\" aria-invalid=\"false\" name=\"room-type\"><option value=\"Standard Room\">Standard Room<\/option><option value=\"Deluxe Room\">Deluxe Room<\/option><option value=\"Deluxe Ensuite Room\">Deluxe Ensuite Room<\/option><option value=\"Queen Room\">Queen Room<\/option><option value=\"King Room\">King Room<\/option><\/select><\/span><i class=\"fas fa-chevron-down\"><\/i>\n\t\t<\/p>\n\t<\/div>\n<\/div>\n<div class=\"shb-clearfix\">\n\t<div class=\"shb-one-half\">\n\t\t<p><label>Your email <span>*<\/span><\/label><span class=\"wpcf7-form-control-wrap\" data-name=\"your-email\"><input size=\"40\" maxlength=\"80\" class=\"wpcf7-form-control wpcf7-email wpcf7-validates-as-required wpcf7-text wpcf7-validates-as-email\" aria-required=\"true\" aria-invalid=\"false\" value=\"\" type=\"email\" name=\"your-email\" \/><\/span>\n\t\t<\/p>\n\t<\/div>\n\t<div class=\"shb-one-half\">\n\t\t<p><label>Your phone <span>*<\/span><\/label><span class=\"wpcf7-form-control-wrap\" data-name=\"your-phone\"><input size=\"40\" maxlength=\"80\" class=\"wpcf7-form-control wpcf7-tel wpcf7-text wpcf7-validates-as-tel\" aria-invalid=\"false\" value=\"\" type=\"tel\" name=\"your-phone\" \/><\/span>\n\t\t<\/p>\n\t<\/div>\n<\/div>\n<p><label>Special requirements<\/label><span class=\"wpcf7-form-control-wrap\" data-name=\"special-requirements\"><textarea cols=\"40\" rows=\"10\" maxlength=\"400\" class=\"wpcf7-form-control wpcf7-textarea shb-booking-form-special-req\" aria-invalid=\"false\" name=\"special-requirements\"><\/textarea><\/span><input class=\"wpcf7-form-control wpcf7-submit has-spinner\" type=\"submit\" value=\"Submit\" \/>\n<\/p><div class=\"wpcf7-response-output\" aria-hidden=\"true\"><\/div>\n<\/form>\n<\/div>\n[vc_empty_space height=&#8221;70px&#8221;][\/vc_column][\/vc_row][vc_row css=&#8221;.vc_custom_1625655823267{margin-top: 0px !important;margin-right: 0px !important;margin-bottom: 0px !important;margin-left: 0px !important;border-top-width: 0px !important;border-right-width: 0px !important;border-bottom-width: 0px !important;border-left-width: 0px !important;padding-top: 0px !important;padding-right: 0px !important;padding-bottom: 0px !important;padding-left: 0px !important;}&#8221;][vc_column css=&#8221;.vc_custom_1625655832067{margin-top: 0px !important;margin-right: 0px !important;margin-bottom: 0px !important;margin-left: 0px !important;border-top-width: 0px !important;border-right-width: 0px !important;border-bottom-width: 0px !important;border-left-width: 0px !important;padding-top: 0px !important;padding-right: 0px !important;padding-bottom: 0px !important;padding-left: 0px !important;}&#8221;][vc_gmaps link=&#8221;#E-8_JTNDaWZyYW1lJTIwc3JjJTNEJTIyaHR0cHMlM0ElMkYlMkZ3d3cuZ29vZ2xlLmNvbSUyRm1hcHMlMkZlbWJlZCUzRnBiJTNEJTIxMW0xOCUyMTFtMTIlMjExbTMlMjExZDY1MzIuMDE0MDkxMTk1NzE3JTIxMmQ0MC4yODk2NzA5MzEyMTU1NzUlMjEzZDQwLjYxOTUxNTgwNzk5NjkyNiUyMTJtMyUyMTFmMCUyMTJmMCUyMTNmMCUyMTNtMiUyMTFpMTAyNCUyMTJpNzY4JTIxNGYxMy4xJTIxM20zJTIxMW0yJTIxMXMweDQwNjU5NDYxMGNiY2NhMTElMjUzQTB4ZjQ4OTE2M2IwMmUwNDE0NCUyMTJzRWNyaW4lMjUyME90ZWwlMjUyMFJlc3RhdXJhbnQlMjE1ZTAlMjEzbTIlMjExc3RyJTIxMnN0ciUyMTR2MTcxODMxNzE2NzU3NiUyMTVtMiUyMTFzdHIlMjEyc3RyJTIyJTIwd2lkdGglM0QlMjI2MDAlMjIlMjBoZWlnaHQlM0QlMjI0NTAlMjIlMjBzdHlsZSUzRCUyMmJvcmRlciUzQTAlM0IlMjIlMjBhbGxvd2Z1bGxzY3JlZW4lM0QlMjIlMjIlMjBsb2FkaW5nJTNEJTIybGF6eSUyMiUyMHJlZmVycmVycG9saWN5JTNEJTIybm8tcmVmZXJyZXItd2hlbi1kb3duZ3JhZGUlMjIlM0UlM0MlMkZpZnJhbWUlM0U=&#8221; css=&#8221;&#8221;][\/vc_column][\/vc_row]<\/p>\n<\/div>","protected":false},"excerpt":{"rendered":"<p>[vc_row fixed_width=&#8221;true&#8221;][vc_column][vc_column_text css=&#8221;&#8221;]\u0130htiya\u00e7lar\u0131n\u0131za uygun \u00f6zel bir rezervasyon teklifi almak ister misiniz? L\u00fctfen a\u015fa\u011f\u0131daki formu doldurun ve bizimle ileti\u015fime ge\u00e7in. Size m\u00fcmk\u00fcn olan en k\u0131sa s\u00fcrede ki\u015fiselle\u015ftirilmi\u015f bir fiyat teklifi sunaca\u011f\u0131z.[\/vc_column_text][vc_empty_space height=&#8221;70px&#8221;][\/vc_column][\/vc_row][vc_row css=&#8221;.vc_custom_1625655823267{margin-top: 0px !important;margin-right: 0px !important;margin-bottom: 0px !important;margin-left: 0px !important;border-top-width: 0px !important;border-right-width: 0px !important;border-bottom-width: 0px !important;border-left-width: 0px !important;padding-top: 0px !important;padding-right: 0px !important;padding-bottom: 0px !important;padding-left: 0px<\/p>\n<a href=\"https:\/\/www.ecrinoteluzungol.com\/tr\/bize-ulasin\/\" class=\"sohohotel-more-link\">Read More<\/a>","protected":false},"author":1,"featured_media":0,"parent":0,"menu_order":0,"comment_status":"closed","ping_status":"closed","template":"","meta":{"inline_featured_image":false,"_joinchat":[],"footnotes":""},"class_list":["post-810","page","type-page","status-publish","hentry"],"_links":{"self":[{"href":"https:\/\/www.ecrinoteluzungol.com\/tr\/wp-json\/wp\/v2\/pages\/810","targetHints":{"allow":["GET"]}}],"collection":[{"href":"https:\/\/www.ecrinoteluzungol.com\/tr\/wp-json\/wp\/v2\/pages"}],"about":[{"href":"https:\/\/www.ecrinoteluzungol.com\/tr\/wp-json\/wp\/v2\/types\/page"}],"author":[{"embeddable":true,"href":"https:\/\/www.ecrinoteluzungol.com\/tr\/wp-json\/wp\/v2\/users\/1"}],"replies":[{"embeddable":true,"href":"https:\/\/www.ecrinoteluzungol.com\/tr\/wp-json\/wp\/v2\/comments?post=810"}],"version-history":[{"count":4,"href":"https:\/\/www.ecrinoteluzungol.com\/tr\/wp-json\/wp\/v2\/pages\/810\/revisions"}],"predecessor-version":[{"id":842,"href":"https:\/\/www.ecrinoteluzungol.com\/tr\/wp-json\/wp\/v2\/pages\/810\/revisions\/842"}],"wp:attachment":[{"href":"https:\/\/www.ecrinoteluzungol.com\/tr\/wp-json\/wp\/v2\/media?parent=810"}],"curies":[{"name":"wp","href":"https:\/\/api.w.org\/{rel}","templated":true}]}}